{"id":4574,"date":"2022-06-13T12:33:29","date_gmt":"2022-06-13T12:33:31","guid":{"rendered":"https:\/\/bodegavulcano.es\/canarias\/?post_type=product&#038;p=4574"},"modified":"2024-11-08T09:53:41","modified_gmt":"2024-11-08T09:53:41","slug":"liquen-malvasia-volcanica","status":"publish","type":"product","link":"https:\/\/bodegavulcano.es\/canarias\/producto\/liquen-malvasia-volcanica\/?lang=en","title":{"rendered":"Liquen Malvas\u00eda Volc\u00e1nica"},"content":{"rendered":"","protected":false},"excerpt":{"rendered":"<p style=\"text-align: left;\"><strong><span style=\"vertical-align: inherit;\"><span style=\"vertical-align: inherit;\">Variedad:<\/span><\/span><\/strong><span style=\"vertical-align: inherit;\"><span style=\"vertical-align: inherit;\"> 100% MALVAS\u00cdA VOLC\u00c1NICA<\/span><\/span><\/p>\n<p style=\"text-align: left;\"><strong><span style=\"vertical-align: inherit;\"><span style=\"vertical-align: inherit;\">Visual:<\/span><\/span><\/strong><span style=\"vertical-align: inherit;\"><span style=\"vertical-align: inherit;\"> Vino de color amarillo pajizo con ribetes dorados. L\u00e1grima fina y abundante.<\/span><\/span><\/p>\n<p style=\"text-align: left;\"><span style=\"vertical-align: inherit;\"><span style=\"vertical-align: inherit;\">En nariz presenta una alta intensidad de aromas a fruta blanca de hueso como nectarina, n\u00edspero. Sutiles notas de c\u00edtricos como lim\u00f3n, piel de naranja y guayaba.<\/span><\/span><\/p>\n<p style=\"text-align: left;\"><span style=\"vertical-align: inherit;\"><span style=\"vertical-align: inherit;\">Presenta tambi\u00e9n aromas a boller\u00eda, masa de pan y hojaldre, propios de la crianza sobre l\u00edas.<\/span><\/span><\/p>\n<p style=\"text-align: left;\"><span style=\"vertical-align: inherit;\"><span style=\"vertical-align: inherit;\">En boca es un vino seco, fresco y equilibrado. Siguen predominando las notas de fruta blanca, c\u00edtricos y aromas secundarios. A destacar notas minerales y especiadas. Vino estructurado, de cuerpo medio-alto y un final ligeramente amargo propio de la malvas\u00eda volc\u00e1nica.<\/span><\/span><\/p>\n<p style=\"text-align: left;\"><span style=\"vertical-align: inherit;\"><span style=\"vertical-align: inherit;\">Recomendado para acompa\u00f1ar pescados a la plancha o al horno. Quesos frescos y semicurados.<\/span><\/span><\/p>\n<p style=\"text-align: left;\"><strong><span style=\"vertical-align: inherit;\"><span style=\"vertical-align: inherit;\">Temperatura ideal de servicio 8-10\u00b0<\/span><\/span><\/strong><\/p>\n<p>Contiene sulfitos<\/p>\n","protected":false},"featured_media":4576,"comment_status":"open","ping_status":"closed","template":"","meta":[],"product_brand":[],"product_cat":[53],"product_tag":[],"class_list":{"0":"post-4574","1":"product","2":"type-product","3":"status-publish","4":"has-post-thumbnail","6":"product_cat-vulcano","8":"first","9":"instock","10":"shipping-taxable","11":"purchasable","12":"product-type-simple"},"_links":{"self":[{"href":"https:\/\/bodegavulcano.es\/canarias\/wp-json\/wp\/v2\/product\/4574","targetHints":{"allow":["GET"]}}],"collection":[{"href":"https:\/\/bodegavulcano.es\/canarias\/wp-json\/wp\/v2\/product"}],"about":[{"href":"https:\/\/bodegavulcano.es\/canarias\/wp-json\/wp\/v2\/types\/product"}],"replies":[{"embeddable":true,"href":"https:\/\/bodegavulcano.es\/canarias\/wp-json\/wp\/v2\/comments?post=4574"}],"wp:featuredmedia":[{"embeddable":true,"href":"https:\/\/bodegavulcano.es\/canarias\/wp-json\/wp\/v2\/media\/4576"}],"wp:attachment":[{"href":"https:\/\/bodegavulcano.es\/canarias\/wp-json\/wp\/v2\/media?parent=4574"}],"wp:term":[{"taxonomy":"product_brand","embeddable":true,"href":"https:\/\/bodegavulcano.es\/canarias\/wp-json\/wp\/v2\/product_brand?post=4574"},{"taxonomy":"product_cat","embeddable":true,"href":"https:\/\/bodegavulcano.es\/canarias\/wp-json\/wp\/v2\/product_cat?post=4574"},{"taxonomy":"product_tag","embeddable":true,"href":"https:\/\/bodegavulcano.es\/canarias\/wp-json\/wp\/v2\/product_tag?post=4574"}],"curies":[{"name":"wp","href":"https:\/\/api.w.org\/{rel}","templated":true}]}}