{"id":4573,"date":"2022-06-13T12:33:29","date_gmt":"2022-06-13T12:33:30","guid":{"rendered":"https:\/\/bodegavulcano.es\/canarias\/?post_type=product&#038;p=4573"},"modified":"2024-11-08T09:46:30","modified_gmt":"2024-11-08T09:46:30","slug":"liquen-malvasia-volcanica","status":"publish","type":"product","link":"https:\/\/bodegavulcano.es\/canarias\/producto\/liquen-malvasia-volcanica\/?lang=de","title":{"rendered":"Liquen Malvas\u00eda Volc\u00e1nica"},"content":{"rendered":"","protected":false},"excerpt":{"rendered":"<p style=\"text-align: left;\"><strong>Sorte:<\/strong> 100 % VOLKANISCHES MALVASIA<\/p>\n<p style=\"text-align: left;\"><strong>Visuell:<\/strong> Strohgelber Wein mit goldenen R\u00e4ndern. Feine und reichliche Tr\u00e4nen<\/p>\n<p style=\"text-align: left;\">In der Nase hat er eine hohe Intensit\u00e4t von Aromen von wei\u00dfem Steinobst wie Nektarine, Mispel. Dezente Noten von Zitrusfr\u00fcchten wie Zitrone, Orangenschale und Guave.<\/p>\n<p style=\"text-align: left;\">Es pr\u00e4sentiert auch Aromen von Geb\u00e4ck, Brotteig und Bl\u00e4tterteig, die typisch f\u00fcr die Reifung auf Hefe sind.<\/p>\n<p style=\"text-align: left;\">Am Gaumen ist es ein trockener, frischer und ausgewogener Wein. Wei\u00dfe Fruchtnoten, Zitrus- und Nebenaromen \u00fcberwiegen weiterhin. Um mineralische und w\u00fcrzige Noten hervorzuheben. Strukturierter Wein mit einem mittelhohen K\u00f6rper und einem leicht bitteren Abgang, der typisch f\u00fcr die vulkanische Malvasia ist.<\/p>\n<p style=\"text-align: left;\">Empfohlen zu gegrilltem oder gebackenem Fisch. Frischer und halbgereifter K\u00e4se<\/p>\n<p style=\"text-align: left;\"><strong>Ideale Gebrauchstemperatur 8-10\u00b0<\/strong><\/p>\n<p><span class=\"HwtZe\" lang=\"de\"><span class=\"jCAhz ChMk0b\"><span class=\"ryNqvb\">Enth\u00e4lt Sulfite<\/span><\/span><\/span><\/p>\n","protected":false},"featured_media":4577,"comment_status":"open","ping_status":"closed","template":"","meta":[],"product_brand":[],"product_cat":[15],"product_tag":[],"class_list":{"0":"post-4573","1":"product","2":"type-product","3":"status-publish","4":"has-post-thumbnail","6":"product_cat-vulcano","8":"first","9":"instock","10":"shipping-taxable","11":"purchasable","12":"product-type-simple"},"_links":{"self":[{"href":"https:\/\/bodegavulcano.es\/canarias\/wp-json\/wp\/v2\/product\/4573","targetHints":{"allow":["GET"]}}],"collection":[{"href":"https:\/\/bodegavulcano.es\/canarias\/wp-json\/wp\/v2\/product"}],"about":[{"href":"https:\/\/bodegavulcano.es\/canarias\/wp-json\/wp\/v2\/types\/product"}],"replies":[{"embeddable":true,"href":"https:\/\/bodegavulcano.es\/canarias\/wp-json\/wp\/v2\/comments?post=4573"}],"wp:featuredmedia":[{"embeddable":true,"href":"https:\/\/bodegavulcano.es\/canarias\/wp-json\/wp\/v2\/media\/4577"}],"wp:attachment":[{"href":"https:\/\/bodegavulcano.es\/canarias\/wp-json\/wp\/v2\/media?parent=4573"}],"wp:term":[{"taxonomy":"product_brand","embeddable":true,"href":"https:\/\/bodegavulcano.es\/canarias\/wp-json\/wp\/v2\/product_brand?post=4573"},{"taxonomy":"product_cat","embeddable":true,"href":"https:\/\/bodegavulcano.es\/canarias\/wp-json\/wp\/v2\/product_cat?post=4573"},{"taxonomy":"product_tag","embeddable":true,"href":"https:\/\/bodegavulcano.es\/canarias\/wp-json\/wp\/v2\/product_tag?post=4573"}],"curies":[{"name":"wp","href":"https:\/\/api.w.org\/{rel}","templated":true}]}}