{"id":4572,"date":"2022-06-13T12:33:29","date_gmt":"2022-06-13T12:33:29","guid":{"rendered":"https:\/\/bodegavulcano.es\/canarias\/?post_type=product&#038;p=4572"},"modified":"2025-09-01T11:42:40","modified_gmt":"2025-09-01T10:42:40","slug":"liquen-malvasia-volcanica","status":"publish","type":"product","link":"https:\/\/bodegavulcano.es\/canarias\/producto\/liquen-malvasia-volcanica\/","title":{"rendered":"Liquen Malvas\u00eda Volc\u00e1nica Ecol\u00f3gico"},"content":{"rendered":"","protected":false},"excerpt":{"rendered":"<div class=\"row\">\n<p style=\"text-align: left;\"><strong>Variedad:<\/strong> 100% MALVAS\u00cdA VOLC\u00c1NICA<\/p>\n<p style=\"text-align: left;\"><strong>Visual:<\/strong> Vino amarillo pajizo con ribetes dorados. L\u00e1grima fina y abundante<\/p>\n<p style=\"text-align: left;\">En nariz tiene intensidad alta de aromas de fruta blanca de hueso como la nectarina, n\u00edspero. Sutiles notas de fruta c\u00edtrica como el lim\u00f3n, piel de naranja y guayaba.<\/p>\n<p style=\"text-align: left;\">Tambi\u00e9n presenta aromas de boller\u00eda, masa de pan y hojaldre, t\u00edpico de la crianza sobre l\u00edas.<\/p>\n<p style=\"text-align: left;\">En boca es un vino seco, fresco y equilibrado. Sigue predominando las notas frutales blancas, c\u00edtricas y aromas secundarios. A destacar notas minerales y especiadas. Vino estructurado, con cuerpo medio-alto y final ligeramente amargo t\u00edpico de la malvas\u00eda volc\u00e1nica.<\/p>\n<p style=\"text-align: left;\">Aconsejado para acompa\u00f1ar pescados a la plancha o al horno. Quesos frescos y semicurados<\/p>\n<p style=\"text-align: left;\">Temperatura ideal de servicio 8-10\u00b0<\/p>\n<p>Contiene sulfitos<\/p>\n<\/div>\n<hr \/>\n","protected":false},"featured_media":4575,"comment_status":"open","ping_status":"closed","template":"","meta":[],"product_brand":[],"product_cat":[52],"product_tag":[],"class_list":{"0":"post-4572","1":"product","2":"type-product","3":"status-publish","4":"has-post-thumbnail","6":"product_cat-vulcano","8":"first","9":"instock","10":"shipping-taxable","11":"purchasable","12":"product-type-simple"},"_links":{"self":[{"href":"https:\/\/bodegavulcano.es\/canarias\/wp-json\/wp\/v2\/product\/4572","targetHints":{"allow":["GET"]}}],"collection":[{"href":"https:\/\/bodegavulcano.es\/canarias\/wp-json\/wp\/v2\/product"}],"about":[{"href":"https:\/\/bodegavulcano.es\/canarias\/wp-json\/wp\/v2\/types\/product"}],"replies":[{"embeddable":true,"href":"https:\/\/bodegavulcano.es\/canarias\/wp-json\/wp\/v2\/comments?post=4572"}],"wp:featuredmedia":[{"embeddable":true,"href":"https:\/\/bodegavulcano.es\/canarias\/wp-json\/wp\/v2\/media\/4575"}],"wp:attachment":[{"href":"https:\/\/bodegavulcano.es\/canarias\/wp-json\/wp\/v2\/media?parent=4572"}],"wp:term":[{"taxonomy":"product_brand","embeddable":true,"href":"https:\/\/bodegavulcano.es\/canarias\/wp-json\/wp\/v2\/product_brand?post=4572"},{"taxonomy":"product_cat","embeddable":true,"href":"https:\/\/bodegavulcano.es\/canarias\/wp-json\/wp\/v2\/product_cat?post=4572"},{"taxonomy":"product_tag","embeddable":true,"href":"https:\/\/bodegavulcano.es\/canarias\/wp-json\/wp\/v2\/product_tag?post=4572"}],"curies":[{"name":"wp","href":"https:\/\/api.w.org\/{rel}","templated":true}]}}