{"id":4567,"date":"2022-05-11T05:28:25","date_gmt":"2022-05-11T05:28:25","guid":{"rendered":"https:\/\/bodegavulcano.es\/canarias\/producto\/liquen-diego\/"},"modified":"2024-11-08T09:47:10","modified_gmt":"2024-11-08T09:47:10","slug":"liquen-diego","status":"publish","type":"product","link":"https:\/\/bodegavulcano.es\/canarias\/producto\/liquen-diego\/?lang=de","title":{"rendered":"Liquen Diego"},"content":{"rendered":"","protected":false},"excerpt":{"rendered":"<div class=\"row\">\n<div class=\"product-description col-md-12\">\n<p><span class=\"VIiyi\" lang=\"de\"><span class=\"JLqJ4b ChMk0b\" data-language-for-alternatives=\"de\" data-language-to-translate-into=\"es\" data-phrase-index=\"0\" data-number-of-phrases=\"9\"><span class=\"Q4iAWc\"><strong>Sorte:<\/strong> 100% Diego.<\/span><\/span> <\/span><\/p>\n<p><span class=\"VIiyi\" lang=\"de\"><span class=\"JLqJ4b ChMk0b\" data-language-for-alternatives=\"de\" data-language-to-translate-into=\"es\" data-phrase-index=\"2\" data-number-of-phrases=\"9\"><span class=\"Q4iAWc\"><strong>Visuell:<\/strong> Zitronengelbe Farbe mit gr\u00fcnlichen R\u00e4ndern.<\/span><\/span> <\/span><\/p>\n<p><span class=\"VIiyi\" lang=\"de\"><span class=\"JLqJ4b ChMk0b\" data-language-for-alternatives=\"de\" data-language-to-translate-into=\"es\" data-phrase-index=\"4\" data-number-of-phrases=\"9\"><span class=\"Q4iAWc\"><strong>Nase:<\/strong> Saubere Nase von mittlerer bis hoher Intensit\u00e4t mit Aromen von wei\u00dfem Steinobst wie Pfirsich, Nektarine oder Mispel.<\/span><\/span> <span class=\"JLqJ4b ChMk0b\" data-language-for-alternatives=\"de\" data-language-to-translate-into=\"es\" data-phrase-index=\"5\" data-number-of-phrases=\"9\"><span class=\"Q4iAWc\">Zitrusnoten wie Orangenschalen und Aromen, die an tropische Fr\u00fcchte wie Maracuja erinnern.<\/span><\/span> <span class=\"JLqJ4b ChMk0b\" data-language-for-alternatives=\"de\" data-language-to-translate-into=\"es\" data-phrase-index=\"6\" data-number-of-phrases=\"9\"><span class=\"Q4iAWc\">Wei\u00dfe Bl\u00fcten, leicht Vanille und getrocknete Fr\u00fcchte stechen hervor.<\/span><\/span> <\/span><\/p>\n<p><span class=\"VIiyi\" lang=\"de\"><span class=\"JLqJ4b ChMk0b\" data-language-for-alternatives=\"de\" data-language-to-translate-into=\"es\" data-phrase-index=\"8\" data-number-of-phrases=\"9\"><span class=\"Q4iAWc\"><strong>Ideale Betriebstemperatur<\/strong> 6\u00ba-8\u00ba Grad.<\/span><\/span><\/span><\/p>\n<p><span class=\"HwtZe\" lang=\"de\"><span class=\"jCAhz ChMk0b\"><span class=\"ryNqvb\">Enth\u00e4lt Sulfite<\/span><\/span><\/span><\/p>\n<\/div>\n<\/div>\n","protected":false},"featured_media":4581,"comment_status":"open","ping_status":"closed","template":"","meta":[],"product_brand":[],"product_cat":[15],"product_tag":[],"class_list":{"0":"post-4567","1":"product","2":"type-product","3":"status-publish","4":"has-post-thumbnail","6":"product_cat-vulcano","8":"first","9":"instock","10":"shipping-taxable","11":"purchasable","12":"product-type-simple"},"_links":{"self":[{"href":"https:\/\/bodegavulcano.es\/canarias\/wp-json\/wp\/v2\/product\/4567","targetHints":{"allow":["GET"]}}],"collection":[{"href":"https:\/\/bodegavulcano.es\/canarias\/wp-json\/wp\/v2\/product"}],"about":[{"href":"https:\/\/bodegavulcano.es\/canarias\/wp-json\/wp\/v2\/types\/product"}],"replies":[{"embeddable":true,"href":"https:\/\/bodegavulcano.es\/canarias\/wp-json\/wp\/v2\/comments?post=4567"}],"wp:featuredmedia":[{"embeddable":true,"href":"https:\/\/bodegavulcano.es\/canarias\/wp-json\/wp\/v2\/media\/4581"}],"wp:attachment":[{"href":"https:\/\/bodegavulcano.es\/canarias\/wp-json\/wp\/v2\/media?parent=4567"}],"wp:term":[{"taxonomy":"product_brand","embeddable":true,"href":"https:\/\/bodegavulcano.es\/canarias\/wp-json\/wp\/v2\/product_brand?post=4567"},{"taxonomy":"product_cat","embeddable":true,"href":"https:\/\/bodegavulcano.es\/canarias\/wp-json\/wp\/v2\/product_cat?post=4567"},{"taxonomy":"product_tag","embeddable":true,"href":"https:\/\/bodegavulcano.es\/canarias\/wp-json\/wp\/v2\/product_tag?post=4567"}],"curies":[{"name":"wp","href":"https:\/\/api.w.org\/{rel}","templated":true}]}}