{"id":4493,"date":"2021-05-13T16:10:17","date_gmt":"2021-05-13T16:10:17","guid":{"rendered":"https:\/\/bodegavulcano.es\/canarias\/?post_type=product&#038;p=4493"},"modified":"2026-02-04T15:10:29","modified_gmt":"2026-02-04T15:10:29","slug":"blanc-de-noirs-075cl","status":"publish","type":"product","link":"https:\/\/bodegavulcano.es\/canarias\/producto\/blanc-de-noirs-075cl\/","title":{"rendered":"Blanc de Noirs 0,75Cl."},"content":{"rendered":"","protected":false},"excerpt":{"rendered":"<p style=\"text-align: left;\">El Blanc de Noirs de Bodega Vulcano de Lanzarote es de un color blanco acerado, que en boca se vuelve glic\u00e9rico y en el que destacan sus notas de frutas rojas. En \u00e9l resalta la mineralidad propia de esta variedad y, sobre todo, del suelo volc\u00e1nico de La Geria, de donde procede la uva con la que se elabora 100%\u00a0 list\u00e1n negro.<\/p>\n<p style=\"text-align: left;\"><strong>Variedad:<\/strong> 100% List\u00e1n negro. Producci\u00f3n limitada de 3.000 Botellas\u00a0 75Cl.<\/p>\n<p style=\"text-align: left;\"><strong>Color:<\/strong> Blanco acerado.<\/p>\n<p style=\"text-align: left;\"><strong>Maridaje:<\/strong> Ideal para maridar con sushi mariscos pescados y quesos suaves.<\/p>\n<p>Contiene sulfitos<\/p>\n","protected":false},"featured_media":4494,"comment_status":"open","ping_status":"closed","template":"","meta":[],"product_brand":[],"product_cat":[52],"product_tag":[],"class_list":{"0":"post-4493","1":"product","2":"type-product","3":"status-publish","4":"has-post-thumbnail","6":"product_cat-vulcano","8":"first","9":"instock","10":"shipping-taxable","11":"purchasable","12":"product-type-simple"},"_links":{"self":[{"href":"https:\/\/bodegavulcano.es\/canarias\/wp-json\/wp\/v2\/product\/4493","targetHints":{"allow":["GET"]}}],"collection":[{"href":"https:\/\/bodegavulcano.es\/canarias\/wp-json\/wp\/v2\/product"}],"about":[{"href":"https:\/\/bodegavulcano.es\/canarias\/wp-json\/wp\/v2\/types\/product"}],"replies":[{"embeddable":true,"href":"https:\/\/bodegavulcano.es\/canarias\/wp-json\/wp\/v2\/comments?post=4493"}],"wp:featuredmedia":[{"embeddable":true,"href":"https:\/\/bodegavulcano.es\/canarias\/wp-json\/wp\/v2\/media\/4494"}],"wp:attachment":[{"href":"https:\/\/bodegavulcano.es\/canarias\/wp-json\/wp\/v2\/media?parent=4493"}],"wp:term":[{"taxonomy":"product_brand","embeddable":true,"href":"https:\/\/bodegavulcano.es\/canarias\/wp-json\/wp\/v2\/product_brand?post=4493"},{"taxonomy":"product_cat","embeddable":true,"href":"https:\/\/bodegavulcano.es\/canarias\/wp-json\/wp\/v2\/product_cat?post=4493"},{"taxonomy":"product_tag","embeddable":true,"href":"https:\/\/bodegavulcano.es\/canarias\/wp-json\/wp\/v2\/product_tag?post=4493"}],"curies":[{"name":"wp","href":"https:\/\/api.w.org\/{rel}","templated":true}]}}