{"id":4306,"date":"2019-09-03T15:38:18","date_gmt":"2019-09-03T15:38:18","guid":{"rendered":"https:\/\/bodegavulcano.es\/canarias\/?post_type=product&#038;p=4306"},"modified":"2026-02-04T15:10:29","modified_gmt":"2026-02-04T15:10:29","slug":"vijariego-blanco","status":"publish","type":"product","link":"https:\/\/bodegavulcano.es\/canarias\/producto\/vijariego-blanco\/","title":{"rendered":"Vijariego Blanco 0,75Cl."},"content":{"rendered":"","protected":false},"excerpt":{"rendered":"<p><strong>Variedad:<\/strong> 100% Vijariego. Producci\u00f3n limitada de 3.500 Botellas\u00a0 75Cl.<\/p>\n<p><strong>Temperatura optima:<\/strong>\u00a011\u00b0C<\/p>\n<p><strong>Color:<\/strong> Amarillo pajizo brillante.<\/p>\n<p><strong>Aromas:<\/strong>\u00a0Claras notas a mel\u00f3n sobremaduro acompa\u00f1ado de barrica de roble franc\u00e9s con sus notas a clavo y canela<\/p>\n<p><strong>Maridaje:<\/strong>\u00a0Perfecto para combinar con pescados azules y ahumados.<\/p>\n<p>Contiene sulfitos<\/p>\n","protected":false},"featured_media":4497,"comment_status":"open","ping_status":"closed","template":"","meta":[],"product_brand":[],"product_cat":[52],"product_tag":[],"class_list":{"0":"post-4306","1":"product","2":"type-product","3":"status-publish","4":"has-post-thumbnail","6":"product_cat-vulcano","8":"first","9":"instock","10":"shipping-taxable","11":"purchasable","12":"product-type-simple"},"_links":{"self":[{"href":"https:\/\/bodegavulcano.es\/canarias\/wp-json\/wp\/v2\/product\/4306","targetHints":{"allow":["GET"]}}],"collection":[{"href":"https:\/\/bodegavulcano.es\/canarias\/wp-json\/wp\/v2\/product"}],"about":[{"href":"https:\/\/bodegavulcano.es\/canarias\/wp-json\/wp\/v2\/types\/product"}],"replies":[{"embeddable":true,"href":"https:\/\/bodegavulcano.es\/canarias\/wp-json\/wp\/v2\/comments?post=4306"}],"wp:featuredmedia":[{"embeddable":true,"href":"https:\/\/bodegavulcano.es\/canarias\/wp-json\/wp\/v2\/media\/4497"}],"wp:attachment":[{"href":"https:\/\/bodegavulcano.es\/canarias\/wp-json\/wp\/v2\/media?parent=4306"}],"wp:term":[{"taxonomy":"product_brand","embeddable":true,"href":"https:\/\/bodegavulcano.es\/canarias\/wp-json\/wp\/v2\/product_brand?post=4306"},{"taxonomy":"product_cat","embeddable":true,"href":"https:\/\/bodegavulcano.es\/canarias\/wp-json\/wp\/v2\/product_cat?post=4306"},{"taxonomy":"product_tag","embeddable":true,"href":"https:\/\/bodegavulcano.es\/canarias\/wp-json\/wp\/v2\/product_tag?post=4306"}],"curies":[{"name":"wp","href":"https:\/\/api.w.org\/{rel}","templated":true}]}}