{"id":4222,"date":"2017-01-23T11:45:10","date_gmt":"2017-01-23T11:45:10","guid":{"rendered":"http:\/\/bodegavulcano.es\/canarias\/producto\/blanco-semidulce\/"},"modified":"2025-11-17T11:29:36","modified_gmt":"2025-11-17T11:29:36","slug":"blanco-semidulce","status":"publish","type":"product","link":"https:\/\/bodegavulcano.es\/canarias\/producto\/blanco-semidulce\/?lang=de","title":{"rendered":"Blanco Semidulce"},"content":{"rendered":"","protected":false},"excerpt":{"rendered":"<p><strong>Sorte:<\/strong> 90% Malvas\u00eda Volc\u00e1nica, 10% Moscatel de Alejandr\u00eda<\/p>\n<p><strong>Optimale Temperatur:<\/strong> 8\u00b0C<\/p>\n<p><strong>Farbe:<\/strong> strohgelb, sehr leuchtend<\/p>\n<p><strong>Aroma:<\/strong> Fruchtb\u00e4ume wie Feige und Papaya. Im Mund s\u00fc\u00df und \u00f6lig.<\/p>\n<p><strong>Harmoniert gut mit:<\/strong> Leichtem Aperitif, halbreifem K\u00e4se, Fisch, Meeresfr\u00fcchten und Curryso\u00dfen.<\/p>\n<p><span class=\"HwtZe\" lang=\"de\"><span class=\"jCAhz ChMk0b\"><span class=\"ryNqvb\">Enth\u00e4lt Sulfite<\/span><\/span><\/span><\/p>\n","protected":false},"featured_media":4227,"comment_status":"open","ping_status":"closed","template":"","meta":[],"product_brand":[],"product_cat":[15],"product_tag":[],"class_list":{"0":"post-4222","1":"product","2":"type-product","3":"status-publish","4":"has-post-thumbnail","6":"product_cat-vulcano","8":"first","9":"instock","10":"shipping-taxable","11":"purchasable","12":"product-type-simple"},"_links":{"self":[{"href":"https:\/\/bodegavulcano.es\/canarias\/wp-json\/wp\/v2\/product\/4222","targetHints":{"allow":["GET"]}}],"collection":[{"href":"https:\/\/bodegavulcano.es\/canarias\/wp-json\/wp\/v2\/product"}],"about":[{"href":"https:\/\/bodegavulcano.es\/canarias\/wp-json\/wp\/v2\/types\/product"}],"replies":[{"embeddable":true,"href":"https:\/\/bodegavulcano.es\/canarias\/wp-json\/wp\/v2\/comments?post=4222"}],"wp:featuredmedia":[{"embeddable":true,"href":"https:\/\/bodegavulcano.es\/canarias\/wp-json\/wp\/v2\/media\/4227"}],"wp:attachment":[{"href":"https:\/\/bodegavulcano.es\/canarias\/wp-json\/wp\/v2\/media?parent=4222"}],"wp:term":[{"taxonomy":"product_brand","embeddable":true,"href":"https:\/\/bodegavulcano.es\/canarias\/wp-json\/wp\/v2\/product_brand?post=4222"},{"taxonomy":"product_cat","embeddable":true,"href":"https:\/\/bodegavulcano.es\/canarias\/wp-json\/wp\/v2\/product_cat?post=4222"},{"taxonomy":"product_tag","embeddable":true,"href":"https:\/\/bodegavulcano.es\/canarias\/wp-json\/wp\/v2\/product_tag?post=4222"}],"curies":[{"name":"wp","href":"https:\/\/api.w.org\/{rel}","templated":true}]}}