{"id":4220,"date":"2017-01-23T11:54:09","date_gmt":"2017-01-23T11:54:09","guid":{"rendered":"http:\/\/bodegavulcano.es\/canarias\/producto\/vulcano-dolce\/"},"modified":"2024-11-08T09:48:36","modified_gmt":"2024-11-08T09:48:36","slug":"vulcano-dolce","status":"publish","type":"product","link":"https:\/\/bodegavulcano.es\/canarias\/producto\/vulcano-dolce\/?lang=de","title":{"rendered":"Vulcano Dolce"},"content":{"rendered":"","protected":false},"excerpt":{"rendered":"<p><strong>Sorte:<\/strong> 100% Moscatel aus Alexandria Flasche 50Cl.<\/p>\n<p><strong>Optimale Temperatur:<\/strong> Zimmertemperatur oder 8\u00b0C<\/p>\n<p><strong>Farbe:<\/strong> bernsteinartig leuchtend und gl\u00e4nzend<\/p>\n<p><strong>Aroma:<\/strong> \u00fcberreife Feigen, Lichi, Vanille, Haselnuss und ein Hauch honigfarben. \u00d6lig und glyzerinhaltig. S\u00fc\u00df und gleichzeitig elegant.<\/p>\n<p><strong>Harmoniert gut mit:<\/strong> allen Nachspeisen und\u00a0 mit leicht und gut gereiftem K\u00e4se, Pasteten und Foie.<\/p>\n<p><span class=\"HwtZe\" lang=\"de\"><span class=\"jCAhz ChMk0b\"><span class=\"ryNqvb\">Enth\u00e4lt Sulfite<\/span><\/span><\/span><\/p>\n","protected":false},"featured_media":4229,"comment_status":"open","ping_status":"closed","template":"","meta":[],"product_brand":[],"product_cat":[15],"product_tag":[],"class_list":{"0":"post-4220","1":"product","2":"type-product","3":"status-publish","4":"has-post-thumbnail","6":"product_cat-vulcano","8":"first","9":"instock","10":"shipping-taxable","11":"purchasable","12":"product-type-simple"},"_links":{"self":[{"href":"https:\/\/bodegavulcano.es\/canarias\/wp-json\/wp\/v2\/product\/4220","targetHints":{"allow":["GET"]}}],"collection":[{"href":"https:\/\/bodegavulcano.es\/canarias\/wp-json\/wp\/v2\/product"}],"about":[{"href":"https:\/\/bodegavulcano.es\/canarias\/wp-json\/wp\/v2\/types\/product"}],"replies":[{"embeddable":true,"href":"https:\/\/bodegavulcano.es\/canarias\/wp-json\/wp\/v2\/comments?post=4220"}],"wp:featuredmedia":[{"embeddable":true,"href":"https:\/\/bodegavulcano.es\/canarias\/wp-json\/wp\/v2\/media\/4229"}],"wp:attachment":[{"href":"https:\/\/bodegavulcano.es\/canarias\/wp-json\/wp\/v2\/media?parent=4220"}],"wp:term":[{"taxonomy":"product_brand","embeddable":true,"href":"https:\/\/bodegavulcano.es\/canarias\/wp-json\/wp\/v2\/product_brand?post=4220"},{"taxonomy":"product_cat","embeddable":true,"href":"https:\/\/bodegavulcano.es\/canarias\/wp-json\/wp\/v2\/product_cat?post=4220"},{"taxonomy":"product_tag","embeddable":true,"href":"https:\/\/bodegavulcano.es\/canarias\/wp-json\/wp\/v2\/product_tag?post=4220"}],"curies":[{"name":"wp","href":"https:\/\/api.w.org\/{rel}","templated":true}]}}