{"id":4219,"date":"2017-01-23T12:03:43","date_gmt":"2017-01-23T12:03:43","guid":{"rendered":"http:\/\/bodegavulcano.es\/canarias\/producto\/malvasia-volcanica-roble\/"},"modified":"2024-11-08T09:47:50","modified_gmt":"2024-11-08T09:47:50","slug":"malvasia-volcanica-roble","status":"publish","type":"product","link":"https:\/\/bodegavulcano.es\/canarias\/producto\/malvasia-volcanica-roble\/?lang=de","title":{"rendered":"Malvas\u00eda volc\u00e1nica Roble"},"content":{"rendered":"","protected":false},"excerpt":{"rendered":"<p>&nbsp;<\/p>\n<p><strong>Sorte:<\/strong> 100% Malvasia Volcanica<\/p>\n<p><strong>Optimale Temperatur:<\/strong> 12\u00b0C<\/p>\n<p><strong>Farbe:<\/strong> gl\u00e4nzendes strohgelb<\/p>\n<p><strong>Aroma:<\/strong> reife, orangefarbige Kernfrucht, hebt w\u00fcrzigen schwarzen Pfeffer, Gew\u00fcrznelken und ger\u00f6stete N\u00fcsse hervor, vor allem durch den Ausbau im 100% franz\u00f6sischem Eichenholzfass, Haselnuss und Mandel.<\/p>\n<p><strong>Harmoniert gut mit:<\/strong> Foie de Canard, herbem K\u00e4se, ger\u00e4uchertem Fisch und Eintopf.<\/p>\n<p><span class=\"HwtZe\" lang=\"de\"><span class=\"jCAhz ChMk0b\"><span class=\"ryNqvb\">Enth\u00e4lt Sulfite<\/span><\/span><\/span><\/p>\n","protected":false},"featured_media":4230,"comment_status":"open","ping_status":"closed","template":"","meta":[],"product_brand":[],"product_cat":[15],"product_tag":[],"class_list":{"0":"post-4219","1":"product","2":"type-product","3":"status-publish","4":"has-post-thumbnail","6":"product_cat-vulcano","8":"first","9":"instock","10":"shipping-taxable","11":"purchasable","12":"product-type-simple"},"_links":{"self":[{"href":"https:\/\/bodegavulcano.es\/canarias\/wp-json\/wp\/v2\/product\/4219","targetHints":{"allow":["GET"]}}],"collection":[{"href":"https:\/\/bodegavulcano.es\/canarias\/wp-json\/wp\/v2\/product"}],"about":[{"href":"https:\/\/bodegavulcano.es\/canarias\/wp-json\/wp\/v2\/types\/product"}],"replies":[{"embeddable":true,"href":"https:\/\/bodegavulcano.es\/canarias\/wp-json\/wp\/v2\/comments?post=4219"}],"wp:featuredmedia":[{"embeddable":true,"href":"https:\/\/bodegavulcano.es\/canarias\/wp-json\/wp\/v2\/media\/4230"}],"wp:attachment":[{"href":"https:\/\/bodegavulcano.es\/canarias\/wp-json\/wp\/v2\/media?parent=4219"}],"wp:term":[{"taxonomy":"product_brand","embeddable":true,"href":"https:\/\/bodegavulcano.es\/canarias\/wp-json\/wp\/v2\/product_brand?post=4219"},{"taxonomy":"product_cat","embeddable":true,"href":"https:\/\/bodegavulcano.es\/canarias\/wp-json\/wp\/v2\/product_cat?post=4219"},{"taxonomy":"product_tag","embeddable":true,"href":"https:\/\/bodegavulcano.es\/canarias\/wp-json\/wp\/v2\/product_tag?post=4219"}],"curies":[{"name":"wp","href":"https:\/\/api.w.org\/{rel}","templated":true}]}}